{"id":2314,"date":"2021-05-12T16:54:11","date_gmt":"2021-05-12T16:54:11","guid":{"rendered":"https:\/\/inzein.com\/?page_id=2314"},"modified":"2026-02-09T12:09:39","modified_gmt":"2026-02-09T12:09:39","slug":"quienes-somos","status":"publish","type":"page","link":"https:\/\/inzein.com\/en\/quienes-somos\/","title":{"rendered":"QUI\u00c9NES SOMOS"},"content":{"rendered":"<div data-elementor-type=\"wp-page\" data-elementor-id=\"2314\" class=\"elementor elementor-2314\">\n\t\t\t\t\t\t<section class=\"elementor-section elementor-top-section elementor-element elementor-element-5370153e elementor-section-boxed elementor-section-height-default elementor-section-height-default\" data-id=\"5370153e\" data-element_type=\"section\" data-e-type=\"section\" data-settings=\"{&quot;background_background&quot;:&quot;classic&quot;}\">\n\t\t\t\t\t\t<div class=\"elementor-container elementor-column-gap-no\">\n\t\t\t\t\t<div class=\"elementor-column elementor-col-50 elementor-top-column elementor-element elementor-element-3dbd2bbd\" data-id=\"3dbd2bbd\" data-element_type=\"column\" data-e-type=\"column\">\n\t\t\t<div class=\"elementor-widget-wrap elementor-element-populated\">\n\t\t\t\t\t\t<div class=\"elementor-element elementor-element-2ccc290f elementor-widget elementor-widget-heading\" data-id=\"2ccc290f\" data-element_type=\"widget\" data-e-type=\"widget\" data-widget_type=\"heading.default\">\n\t\t\t\t<div class=\"elementor-widget-container\">\n\t\t\t\t\t<h3 class=\"elementor-heading-title elementor-size-default\">INZEIN DESIGN S.L.<\/h3>\t\t\t\t<\/div>\n\t\t\t\t<\/div>\n\t\t\t\t<div class=\"elementor-element elementor-element-78d61042 elementor-widget-divider--view-line elementor-widget elementor-widget-divider\" data-id=\"78d61042\" data-element_type=\"widget\" data-e-type=\"widget\" data-widget_type=\"divider.default\">\n\t\t\t\t<div class=\"elementor-widget-container\">\n\t\t\t\t\t\t\t<div class=\"elementor-divider\">\n\t\t\t<span class=\"elementor-divider-separator\">\n\t\t\t\t\t\t<\/span>\n\t\t<\/div>\n\t\t\t\t\t\t<\/div>\n\t\t\t\t<\/div>\n\t\t\t\t<div class=\"elementor-element elementor-element-8384fb elementor-widget elementor-widget-text-editor\" data-id=\"8384fb\" data-element_type=\"widget\" data-e-type=\"widget\" data-widget_type=\"text-editor.default\">\n\t\t\t\t<div class=\"elementor-widget-container\">\n\t\t\t\t\t\t\t\t\t<p>We are a team of industrial designers. We develop, manufacture and market design products for the funeral sector.<\/p>\n<p>Contact us, whether you are an individual or a professional, and we will advise you to choose the product or products that best suit your needs.<\/p>\n<p>Inzein urns do not have a funerary appearance and are therefore discreet for use indoors and are also suitable for use in columbaria. In addition, our BIOZ urns are biodegradable and environmentally friendly.<\/p>\t\t\t\t\t\t\t\t<\/div>\n\t\t\t\t<\/div>\n\t\t\t\t\t<\/div>\n\t\t<\/div>\n\t\t\t\t<div class=\"elementor-column elementor-col-50 elementor-top-column elementor-element elementor-element-4d827777\" data-id=\"4d827777\" data-element_type=\"column\" data-e-type=\"column\">\n\t\t\t<div class=\"elementor-widget-wrap elementor-element-populated\">\n\t\t\t\t\t\t<div class=\"elementor-element elementor-element-207dd2d3 elementor-widget elementor-widget-image\" data-id=\"207dd2d3\" data-element_type=\"widget\" data-e-type=\"widget\" data-widget_type=\"image.default\">\n\t\t\t\t<div class=\"elementor-widget-container\">\n\t\t\t\t\t\t\t\t\t\t\t\t\t\t\t<img fetchpriority=\"high\" decoding=\"async\" width=\"1024\" height=\"730\" src=\"https:\/\/inzein.com\/wp-content\/uploads\/2021\/06\/Inzein-empresa-1-1024x730.png\" class=\"attachment-large size-large wp-image-2448\" alt=\"Inzein empresa\" srcset=\"https:\/\/inzein.com\/wp-content\/uploads\/2021\/06\/Inzein-empresa-1-1024x730.png 1024w, https:\/\/inzein.com\/wp-content\/uploads\/2021\/06\/Inzein-empresa-1-300x214.png 300w, https:\/\/inzein.com\/wp-content\/uploads\/2021\/06\/Inzein-empresa-1-768x548.png 768w, https:\/\/inzein.com\/wp-content\/uploads\/2021\/06\/Inzein-empresa-1.png 1200w\" sizes=\"(max-width: 1024px) 100vw, 1024px\" \/>\t\t\t\t\t\t\t\t\t\t\t\t\t\t\t<\/div>\n\t\t\t\t<\/div>\n\t\t\t\t\t<\/div>\n\t\t<\/div>\n\t\t\t\t\t<\/div>\n\t\t<\/section>\n\t\t\t\t<section class=\"elementor-section elementor-top-section elementor-element elementor-element-0f8cd72 elementor-section-boxed elementor-section-height-default elementor-section-height-default\" data-id=\"0f8cd72\" data-element_type=\"section\" data-e-type=\"section\">\n\t\t\t\t\t\t<div class=\"elementor-container elementor-column-gap-no\">\n\t\t\t\t\t<div class=\"elementor-column elementor-col-25 elementor-top-column elementor-element elementor-element-73d50ef\" data-id=\"73d50ef\" data-element_type=\"column\" data-e-type=\"column\">\n\t\t\t<div class=\"elementor-widget-wrap elementor-element-populated\">\n\t\t\t\t\t\t<div class=\"elementor-element elementor-element-6fe3642 elementor-view-stacked elementor-position-inline-start elementor-widget__width-auto elementor-shape-circle elementor-mobile-position-block-start elementor-widget elementor-widget-icon-box\" data-id=\"6fe3642\" data-element_type=\"widget\" data-e-type=\"widget\" data-widget_type=\"icon-box.default\">\n\t\t\t\t<div class=\"elementor-widget-container\">\n\t\t\t\t\t\t\t<div class=\"elementor-icon-box-wrapper\">\n\n\t\t\t\t\t\t<div class=\"elementor-icon-box-icon\">\n\t\t\t\t<span  class=\"elementor-icon\">\n\t\t\t\t<i aria-hidden=\"true\" class=\"fas fa-pencil-ruler\"><\/i>\t\t\t\t<\/span>\n\t\t\t<\/div>\n\t\t\t\n\t\t\t\t\t\t<div class=\"elementor-icon-box-content\">\n\n\t\t\t\t\t\t\t\t\t<h5 class=\"elementor-icon-box-title\">\n\t\t\t\t\t\t<span  >\n\t\t\t\t\t\t\tDesign\t\t\t\t\t\t<\/span>\n\t\t\t\t\t<\/h5>\n\t\t\t\t\n\t\t\t\t\t\t\t\t\t<p class=\"elementor-icon-box-description\">\n\t\t\t\t\t\tAvant-garde style\t\t\t\t\t<\/p>\n\t\t\t\t\n\t\t\t<\/div>\n\t\t\t\n\t\t<\/div>\n\t\t\t\t\t\t<\/div>\n\t\t\t\t<\/div>\n\t\t\t\t\t<\/div>\n\t\t<\/div>\n\t\t\t\t<div class=\"elementor-column elementor-col-25 elementor-top-column elementor-element elementor-element-489034a\" data-id=\"489034a\" data-element_type=\"column\" data-e-type=\"column\">\n\t\t\t<div class=\"elementor-widget-wrap elementor-element-populated\">\n\t\t\t\t\t\t<div class=\"elementor-element elementor-element-92f7df6 elementor-view-stacked elementor-position-inline-start elementor-widget__width-auto elementor-shape-circle elementor-mobile-position-block-start elementor-widget elementor-widget-icon-box\" data-id=\"92f7df6\" data-element_type=\"widget\" data-e-type=\"widget\" data-widget_type=\"icon-box.default\">\n\t\t\t\t<div class=\"elementor-widget-container\">\n\t\t\t\t\t\t\t<div class=\"elementor-icon-box-wrapper\">\n\n\t\t\t\t\t\t<div class=\"elementor-icon-box-icon\">\n\t\t\t\t<span  class=\"elementor-icon\">\n\t\t\t\t<i aria-hidden=\"true\" class=\"fas fa-box-open\"><\/i>\t\t\t\t<\/span>\n\t\t\t<\/div>\n\t\t\t\n\t\t\t\t\t\t<div class=\"elementor-icon-box-content\">\n\n\t\t\t\t\t\t\t\t\t<h5 class=\"elementor-icon-box-title\">\n\t\t\t\t\t\t<span  >\n\t\t\t\t\t\t\tCapacity\t\t\t\t\t\t<\/span>\n\t\t\t\t\t<\/h5>\n\t\t\t\t\n\t\t\t\t\t\t\t\t\t<p class=\"elementor-icon-box-description\">\n\t\t\t\t\t\tMaximum capacity\t\t\t\t\t<\/p>\n\t\t\t\t\n\t\t\t<\/div>\n\t\t\t\n\t\t<\/div>\n\t\t\t\t\t\t<\/div>\n\t\t\t\t<\/div>\n\t\t\t\t\t<\/div>\n\t\t<\/div>\n\t\t\t\t<div class=\"elementor-column elementor-col-25 elementor-top-column elementor-element elementor-element-feaf844\" data-id=\"feaf844\" data-element_type=\"column\" data-e-type=\"column\">\n\t\t\t<div class=\"elementor-widget-wrap elementor-element-populated\">\n\t\t\t\t\t\t<div class=\"elementor-element elementor-element-f9c4cf2 elementor-view-stacked elementor-position-inline-start elementor-widget__width-auto elementor-shape-circle elementor-mobile-position-block-start elementor-widget elementor-widget-icon-box\" data-id=\"f9c4cf2\" data-element_type=\"widget\" data-e-type=\"widget\" data-widget_type=\"icon-box.default\">\n\t\t\t\t<div class=\"elementor-widget-container\">\n\t\t\t\t\t\t\t<div class=\"elementor-icon-box-wrapper\">\n\n\t\t\t\t\t\t<div class=\"elementor-icon-box-icon\">\n\t\t\t\t<span  class=\"elementor-icon\">\n\t\t\t\t<i aria-hidden=\"true\" class=\"fas fa-home\"><\/i>\t\t\t\t<\/span>\n\t\t\t<\/div>\n\t\t\t\n\t\t\t\t\t\t<div class=\"elementor-icon-box-content\">\n\n\t\t\t\t\t\t\t\t\t<h5 class=\"elementor-icon-box-title\">\n\t\t\t\t\t\t<span  >\n\t\t\t\t\t\t\tDiscretion\t\t\t\t\t\t<\/span>\n\t\t\t\t\t<\/h5>\n\t\t\t\t\n\t\t\t\t\t\t\t\t\t<p class=\"elementor-icon-box-description\">\n\t\t\t\t\t\tFor home use\t\t\t\t\t<\/p>\n\t\t\t\t\n\t\t\t<\/div>\n\t\t\t\n\t\t<\/div>\n\t\t\t\t\t\t<\/div>\n\t\t\t\t<\/div>\n\t\t\t\t\t<\/div>\n\t\t<\/div>\n\t\t\t\t<div class=\"elementor-column elementor-col-25 elementor-top-column elementor-element elementor-element-edad0bd\" data-id=\"edad0bd\" data-element_type=\"column\" data-e-type=\"column\">\n\t\t\t<div class=\"elementor-widget-wrap elementor-element-populated\">\n\t\t\t\t\t\t<div class=\"elementor-element elementor-element-65f432e elementor-view-stacked elementor-position-inline-start elementor-widget__width-auto elementor-shape-circle elementor-mobile-position-block-start elementor-widget elementor-widget-icon-box\" data-id=\"65f432e\" data-element_type=\"widget\" data-e-type=\"widget\" data-widget_type=\"icon-box.default\">\n\t\t\t\t<div class=\"elementor-widget-container\">\n\t\t\t\t\t\t\t<div class=\"elementor-icon-box-wrapper\">\n\n\t\t\t\t\t\t<div class=\"elementor-icon-box-icon\">\n\t\t\t\t<span  class=\"elementor-icon\">\n\t\t\t\t<i aria-hidden=\"true\" class=\"fas fa-sync\"><\/i>\t\t\t\t<\/span>\n\t\t\t<\/div>\n\t\t\t\n\t\t\t\t\t\t<div class=\"elementor-icon-box-content\">\n\n\t\t\t\t\t\t\t\t\t<h5 class=\"elementor-icon-box-title\">\n\t\t\t\t\t\t<span  >\n\t\t\t\t\t\t\tMaterials\t\t\t\t\t\t<\/span>\n\t\t\t\t\t<\/h5>\n\t\t\t\t\n\t\t\t\t\t\t\t\t\t<p class=\"elementor-icon-box-description\">\n\t\t\t\t\t\tBiodegradable and recycled\t\t\t\t\t<\/p>\n\t\t\t\t\n\t\t\t<\/div>\n\t\t\t\n\t\t<\/div>\n\t\t\t\t\t\t<\/div>\n\t\t\t\t<\/div>\n\t\t\t\t\t<\/div>\n\t\t<\/div>\n\t\t\t\t\t<\/div>\n\t\t<\/section>\n\t\t\t\t<section class=\"elementor-section elementor-top-section elementor-element elementor-element-574f3ea elementor-section-boxed elementor-section-height-default elementor-section-height-default\" data-id=\"574f3ea\" data-element_type=\"section\" data-e-type=\"section\" data-settings=\"{&quot;background_background&quot;:&quot;classic&quot;}\">\n\t\t\t\t\t\t<div class=\"elementor-container elementor-column-gap-no\">\n\t\t\t\t\t<div class=\"elementor-column elementor-col-100 elementor-top-column elementor-element elementor-element-ea082b7\" data-id=\"ea082b7\" data-element_type=\"column\" data-e-type=\"column\">\n\t\t\t<div class=\"elementor-widget-wrap elementor-element-populated\">\n\t\t\t\t\t\t<div class=\"elementor-element elementor-element-3488d91 elementor-widget elementor-widget-heading\" data-id=\"3488d91\" data-element_type=\"widget\" data-e-type=\"widget\" data-widget_type=\"heading.default\">\n\t\t\t\t<div class=\"elementor-widget-container\">\n\t\t\t\t\t<h2 class=\"elementor-heading-title elementor-size-default\">Interested in our ballot boxes?<\/h2>\t\t\t\t<\/div>\n\t\t\t\t<\/div>\n\t\t\t\t<div class=\"elementor-element elementor-element-024037b elementor-widget elementor-widget-text-editor\" data-id=\"024037b\" data-element_type=\"widget\" data-e-type=\"widget\" data-widget_type=\"text-editor.default\">\n\t\t\t\t<div class=\"elementor-widget-container\">\n\t\t\t\t\t\t\t\t\t<p>If you would like to request more information or if you are interested in purchasing any of our products, simply click on the button below to contact us.<\/p>\t\t\t\t\t\t\t\t<\/div>\n\t\t\t\t<\/div>\n\t\t\t\t<div class=\"elementor-element elementor-element-127b384 elementor-mobile-align-center elementor-align-center elementor-widget elementor-widget-button\" data-id=\"127b384\" data-element_type=\"widget\" data-e-type=\"widget\" data-widget_type=\"button.default\">\n\t\t\t\t<div class=\"elementor-widget-container\">\n\t\t\t\t\t\t\t\t\t<div class=\"elementor-button-wrapper\">\n\t\t\t\t\t<a class=\"elementor-button elementor-button-link elementor-size-md elementor-animation-pulse\" href=\"http:\/\/inzein.com\/en\/contacto\/\">\n\t\t\t\t\t\t<span class=\"elementor-button-content-wrapper\">\n\t\t\t\t\t\t\t\t\t<span class=\"elementor-button-text\">contact us now<\/span>\n\t\t\t\t\t<\/span>\n\t\t\t\t\t<\/a>\n\t\t\t\t<\/div>\n\t\t\t\t\t\t\t\t<\/div>\n\t\t\t\t<\/div>\n\t\t\t\t\t<\/div>\n\t\t<\/div>\n\t\t\t\t\t<\/div>\n\t\t<\/section>\n\t\t\t\t<\/div>","protected":false},"excerpt":{"rendered":"<p>INZEIN DESIGN S.L. Somos un equipo de dise\u00f1adores industriales. Desarrollamos, fabricamos y comercializamos productos de dise\u00f1o dirigidos al sector funerario. Contacta con nosotros, tanto si eres un particular como un profesional, y te asesoraremos para que elijas el producto o productos que mejor se adapten a tus necesidades. Las urnas Inzein no tienen apariencia funeraria [&hellip;]<\/p>\n","protected":false},"author":1,"featured_media":0,"parent":0,"menu_order":0,"comment_status":"closed","ping_status":"closed","template":"","meta":{"_coblocks_attr":"","_coblocks_dimensions":"","_coblocks_responsive_height":"","_coblocks_accordion_ie_support":"","site-sidebar-layout":"no-sidebar","site-content-layout":"page-builder","ast-site-content-layout":"full-width-container","site-content-style":"unboxed","site-sidebar-style":"unboxed","ast-global-header-display":"","ast-banner-title-visibility":"","ast-main-header-display":"","ast-hfb-above-header-display":"","ast-hfb-below-header-display":"","ast-hfb-mobile-header-display":"","site-post-title":"disabled","ast-breadcrumbs-content":"","ast-featured-img":"disabled","footer-sml-layout":"","ast-disable-related-posts":"","theme-transparent-header-meta":"default","adv-header-id-meta":"","stick-header-meta":"default","header-above-stick-meta":"","header-main-stick-meta":"","header-below-stick-meta":"","astra-migrate-meta-layouts":"set","ast-page-background-enabled":"default","ast-page-background-meta":{"desktop":{"background-color":"","background-image":"","background-repeat":"repeat","background-position":"center center","background-size":"auto","background-attachment":"scroll","background-type":"","background-media":"","overlay-type":"","overlay-color":"","overlay-opacity":"","overlay-gradient":""},"tablet":{"background-color":"","background-image":"","background-repeat":"repeat","background-position":"center center","background-size":"auto","background-attachment":"scroll","background-type":"","background-media":"","overlay-type":"","overlay-color":"","overlay-opacity":"","overlay-gradient":""},"mobile":{"background-color":"","background-image":"","background-repeat":"repeat","background-position":"center center","background-size":"auto","background-attachment":"scroll","background-type":"","background-media":"","overlay-type":"","overlay-color":"","overlay-opacity":"","overlay-gradient":""}},"ast-content-background-meta":{"desktop":{"background-color":"var(--ast-global-color-5)","background-image":"","background-repeat":"repeat","background-position":"center center","background-size":"auto","background-attachment":"scroll","background-type":"","background-media":"","overlay-type":"","overlay-color":"","overlay-opacity":"","overlay-gradient":""},"tablet":{"background-color":"var(--ast-global-color-5)","background-image":"","background-repeat":"repeat","background-position":"center center","background-size":"auto","background-attachment":"scroll","background-type":"","background-media":"","overlay-type":"","overlay-color":"","overlay-opacity":"","overlay-gradient":""},"mobile":{"background-color":"var(--ast-global-color-5)","background-image":"","background-repeat":"repeat","background-position":"center center","background-size":"auto","background-attachment":"scroll","background-type":"","background-media":"","overlay-type":"","overlay-color":"","overlay-opacity":"","overlay-gradient":""}},"footnotes":""},"class_list":["post-2314","page","type-page","status-publish","hentry"],"yoast_head":"<!-- This site is optimized with the Yoast SEO plugin v27.5 - https:\/\/yoast.com\/product\/yoast-seo-wordpress\/ -->\n<title>Proveedores de Urnas Funerarias de Dise\u00f1o Ecol\u00f3gico | INZEIN<\/title>\n<meta name=\"description\" content=\"Somos un equipo de dise\u00f1adores industriales, fabricamos urnas funerarias de dise\u00f1o ecol\u00f3gico para profesionales del sector funerario.\" \/>\n<meta name=\"robots\" content=\"index, follow, max-snippet:-1, max-image-preview:large, max-video-preview:-1\" \/>\n<link rel=\"canonical\" href=\"https:\/\/inzein.com\/en\/quienes-somos\/\" \/>\n<meta property=\"og:locale\" content=\"en_GB\" \/>\n<meta property=\"og:type\" content=\"article\" \/>\n<meta property=\"og:title\" content=\"Proveedores de Urnas Funerarias de Dise\u00f1o Ecol\u00f3gico | INZEIN\" \/>\n<meta property=\"og:description\" content=\"Somos un equipo de dise\u00f1adores industriales, fabricamos urnas funerarias de dise\u00f1o ecol\u00f3gico para profesionales del sector funerario.\" \/>\n<meta property=\"og:url\" content=\"https:\/\/inzein.com\/en\/quienes-somos\/\" \/>\n<meta property=\"og:site_name\" content=\"INZEIN\" \/>\n<meta property=\"article:modified_time\" content=\"2026-02-09T12:09:39+00:00\" \/>\n<meta property=\"og:image\" content=\"https:\/\/inzein.com\/wp-content\/uploads\/2021\/06\/Inzein-empresa-1-1024x730.png\" \/>\n<meta name=\"twitter:card\" content=\"summary_large_image\" \/>\n<meta name=\"twitter:label1\" content=\"Estimated reading time\" \/>\n\t<meta name=\"twitter:data1\" content=\"1 minute\" \/>\n<script type=\"application\/ld+json\" class=\"yoast-schema-graph\">{\"@context\":\"https:\\\/\\\/schema.org\",\"@graph\":[{\"@type\":\"WebPage\",\"@id\":\"https:\\\/\\\/inzein.com\\\/quienes-somos\\\/\",\"url\":\"https:\\\/\\\/inzein.com\\\/quienes-somos\\\/\",\"name\":\"Proveedores de Urnas Funerarias de Dise\u00f1o Ecol\u00f3gico | INZEIN\",\"isPartOf\":{\"@id\":\"https:\\\/\\\/inzein.com\\\/#website\"},\"primaryImageOfPage\":{\"@id\":\"https:\\\/\\\/inzein.com\\\/quienes-somos\\\/#primaryimage\"},\"image\":{\"@id\":\"https:\\\/\\\/inzein.com\\\/quienes-somos\\\/#primaryimage\"},\"thumbnailUrl\":\"https:\\\/\\\/inzein.com\\\/wp-content\\\/uploads\\\/2021\\\/06\\\/Inzein-empresa-1-1024x730.png\",\"datePublished\":\"2021-05-12T16:54:11+00:00\",\"dateModified\":\"2026-02-09T12:09:39+00:00\",\"description\":\"Somos un equipo de dise\u00f1adores industriales, fabricamos urnas funerarias de dise\u00f1o ecol\u00f3gico para profesionales del sector funerario.\",\"breadcrumb\":{\"@id\":\"https:\\\/\\\/inzein.com\\\/quienes-somos\\\/#breadcrumb\"},\"inLanguage\":\"en-GB\",\"potentialAction\":[{\"@type\":\"ReadAction\",\"target\":[\"https:\\\/\\\/inzein.com\\\/quienes-somos\\\/\"]}]},{\"@type\":\"ImageObject\",\"inLanguage\":\"en-GB\",\"@id\":\"https:\\\/\\\/inzein.com\\\/quienes-somos\\\/#primaryimage\",\"url\":\"https:\\\/\\\/inzein.com\\\/wp-content\\\/uploads\\\/2021\\\/06\\\/Inzein-empresa-1-1024x730.png\",\"contentUrl\":\"https:\\\/\\\/inzein.com\\\/wp-content\\\/uploads\\\/2021\\\/06\\\/Inzein-empresa-1-1024x730.png\"},{\"@type\":\"BreadcrumbList\",\"@id\":\"https:\\\/\\\/inzein.com\\\/quienes-somos\\\/#breadcrumb\",\"itemListElement\":[{\"@type\":\"ListItem\",\"position\":1,\"name\":\"Portada\",\"item\":\"https:\\\/\\\/inzein.com\\\/\"},{\"@type\":\"ListItem\",\"position\":2,\"name\":\"QUI\u00c9NES SOMOS\"}]},{\"@type\":\"WebSite\",\"@id\":\"https:\\\/\\\/inzein.com\\\/#website\",\"url\":\"https:\\\/\\\/inzein.com\\\/\",\"name\":\"INZEIN\",\"description\":\"\",\"publisher\":{\"@id\":\"https:\\\/\\\/inzein.com\\\/#organization\"},\"potentialAction\":[{\"@type\":\"SearchAction\",\"target\":{\"@type\":\"EntryPoint\",\"urlTemplate\":\"https:\\\/\\\/inzein.com\\\/?s={search_term_string}\"},\"query-input\":{\"@type\":\"PropertyValueSpecification\",\"valueRequired\":true,\"valueName\":\"search_term_string\"}}],\"inLanguage\":\"en-GB\"},{\"@type\":\"Organization\",\"@id\":\"https:\\\/\\\/inzein.com\\\/#organization\",\"name\":\"INZEIN\",\"url\":\"https:\\\/\\\/inzein.com\\\/\",\"logo\":{\"@type\":\"ImageObject\",\"inLanguage\":\"en-GB\",\"@id\":\"https:\\\/\\\/inzein.com\\\/#\\\/schema\\\/logo\\\/image\\\/\",\"url\":\"https:\\\/\\\/inzein.com\\\/wp-content\\\/uploads\\\/2021\\\/06\\\/logo-inzein-tagline-2.png\",\"contentUrl\":\"https:\\\/\\\/inzein.com\\\/wp-content\\\/uploads\\\/2021\\\/06\\\/logo-inzein-tagline-2.png\",\"width\":434,\"height\":120,\"caption\":\"INZEIN\"},\"image\":{\"@id\":\"https:\\\/\\\/inzein.com\\\/#\\\/schema\\\/logo\\\/image\\\/\"}}]}<\/script>\n<!-- \/ Yoast SEO plugin. -->","yoast_head_json":{"title":"Proveedores de Urnas Funerarias de Dise\u00f1o Ecol\u00f3gico | INZEIN","description":"Somos un equipo de dise\u00f1adores industriales, fabricamos urnas funerarias de dise\u00f1o ecol\u00f3gico para profesionales del sector funerario.","robots":{"index":"index","follow":"follow","max-snippet":"max-snippet:-1","max-image-preview":"max-image-preview:large","max-video-preview":"max-video-preview:-1"},"canonical":"https:\/\/inzein.com\/en\/quienes-somos\/","og_locale":"en_GB","og_type":"article","og_title":"Proveedores de Urnas Funerarias de Dise\u00f1o Ecol\u00f3gico | INZEIN","og_description":"Somos un equipo de dise\u00f1adores industriales, fabricamos urnas funerarias de dise\u00f1o ecol\u00f3gico para profesionales del sector funerario.","og_url":"https:\/\/inzein.com\/en\/quienes-somos\/","og_site_name":"INZEIN","article_modified_time":"2026-02-09T12:09:39+00:00","og_image":[{"url":"https:\/\/inzein.com\/wp-content\/uploads\/2021\/06\/Inzein-empresa-1-1024x730.png","type":"","width":"","height":""}],"twitter_card":"summary_large_image","twitter_misc":{"Estimated reading time":"1 minute"},"schema":{"@context":"https:\/\/schema.org","@graph":[{"@type":"WebPage","@id":"https:\/\/inzein.com\/quienes-somos\/","url":"https:\/\/inzein.com\/quienes-somos\/","name":"Proveedores de Urnas Funerarias de Dise\u00f1o Ecol\u00f3gico | INZEIN","isPartOf":{"@id":"https:\/\/inzein.com\/#website"},"primaryImageOfPage":{"@id":"https:\/\/inzein.com\/quienes-somos\/#primaryimage"},"image":{"@id":"https:\/\/inzein.com\/quienes-somos\/#primaryimage"},"thumbnailUrl":"https:\/\/inzein.com\/wp-content\/uploads\/2021\/06\/Inzein-empresa-1-1024x730.png","datePublished":"2021-05-12T16:54:11+00:00","dateModified":"2026-02-09T12:09:39+00:00","description":"Somos un equipo de dise\u00f1adores industriales, fabricamos urnas funerarias de dise\u00f1o ecol\u00f3gico para profesionales del sector funerario.","breadcrumb":{"@id":"https:\/\/inzein.com\/quienes-somos\/#breadcrumb"},"inLanguage":"en-GB","potentialAction":[{"@type":"ReadAction","target":["https:\/\/inzein.com\/quienes-somos\/"]}]},{"@type":"ImageObject","inLanguage":"en-GB","@id":"https:\/\/inzein.com\/quienes-somos\/#primaryimage","url":"https:\/\/inzein.com\/wp-content\/uploads\/2021\/06\/Inzein-empresa-1-1024x730.png","contentUrl":"https:\/\/inzein.com\/wp-content\/uploads\/2021\/06\/Inzein-empresa-1-1024x730.png"},{"@type":"BreadcrumbList","@id":"https:\/\/inzein.com\/quienes-somos\/#breadcrumb","itemListElement":[{"@type":"ListItem","position":1,"name":"Portada","item":"https:\/\/inzein.com\/"},{"@type":"ListItem","position":2,"name":"QUI\u00c9NES SOMOS"}]},{"@type":"WebSite","@id":"https:\/\/inzein.com\/#website","url":"https:\/\/inzein.com\/","name":"INZEIN","description":"","publisher":{"@id":"https:\/\/inzein.com\/#organization"},"potentialAction":[{"@type":"SearchAction","target":{"@type":"EntryPoint","urlTemplate":"https:\/\/inzein.com\/?s={search_term_string}"},"query-input":{"@type":"PropertyValueSpecification","valueRequired":true,"valueName":"search_term_string"}}],"inLanguage":"en-GB"},{"@type":"Organization","@id":"https:\/\/inzein.com\/#organization","name":"INZEIN","url":"https:\/\/inzein.com\/","logo":{"@type":"ImageObject","inLanguage":"en-GB","@id":"https:\/\/inzein.com\/#\/schema\/logo\/image\/","url":"https:\/\/inzein.com\/wp-content\/uploads\/2021\/06\/logo-inzein-tagline-2.png","contentUrl":"https:\/\/inzein.com\/wp-content\/uploads\/2021\/06\/logo-inzein-tagline-2.png","width":434,"height":120,"caption":"INZEIN"},"image":{"@id":"https:\/\/inzein.com\/#\/schema\/logo\/image\/"}}]}},"_links":{"self":[{"href":"https:\/\/inzein.com\/en\/wp-json\/wp\/v2\/pages\/2314","targetHints":{"allow":["GET"]}}],"collection":[{"href":"https:\/\/inzein.com\/en\/wp-json\/wp\/v2\/pages"}],"about":[{"href":"https:\/\/inzein.com\/en\/wp-json\/wp\/v2\/types\/page"}],"author":[{"embeddable":true,"href":"https:\/\/inzein.com\/en\/wp-json\/wp\/v2\/users\/1"}],"replies":[{"embeddable":true,"href":"https:\/\/inzein.com\/en\/wp-json\/wp\/v2\/comments?post=2314"}],"version-history":[{"count":29,"href":"https:\/\/inzein.com\/en\/wp-json\/wp\/v2\/pages\/2314\/revisions"}],"predecessor-version":[{"id":2502,"href":"https:\/\/inzein.com\/en\/wp-json\/wp\/v2\/pages\/2314\/revisions\/2502"}],"wp:attachment":[{"href":"https:\/\/inzein.com\/en\/wp-json\/wp\/v2\/media?parent=2314"}],"curies":[{"name":"wp","href":"https:\/\/api.w.org\/{rel}","templated":true}]}}